{"id":10,"date":"2025-04-17T14:57:01","date_gmt":"2025-04-17T14:57:01","guid":{"rendered":"http:\/\/moyasteel.com\/products\/"},"modified":"2025-05-16T20:13:47","modified_gmt":"2025-05-16T18:13:47","slug":"products","status":"publish","type":"page","link":"https:\/\/moyasteel.com\/en\/products\/","title":{"rendered":"Service"},"content":{"rendered":"<div class=\"wp-block-uagb-container uagb-block-61b7f5e0 alignfull uagb-is-root-container\"><div class=\"uagb-container-inner-blocks-wrap\">\n<div class=\"wp-block-uagb-advanced-heading uagb-block-8114b16d\"><h1 class=\"uagb-heading-text\">Service<\/h1><\/div>\n<\/div><\/div>\n\n\n\n<div class=\"wp-block-uagb-container uagb-layout-grid uagb-block-489a6aba alignfull uagb-is-root-container\"><div class=\"uagb-container-inner-blocks-wrap\">\n<div class=\"wp-block-uagb-info-box uagb-block-6c5ef147 uagb-infobox__content-wrap  uagb-infobox-icon-above-title uagb-infobox-image-valign-top\"><div class=\"uagb-ifb-content\"><div class=\"uagb-ifb-title-wrap\"><h5 class=\"uagb-ifb-title-prefix\">Comprehensive Metallurgical Services<\/h5><h2 class=\"uagb-ifb-title\">Your Metal Parts Factory<\/h2><\/div><p class=\"uagb-ifb-desc\">Looking for an expert metal parts manufacturing partner to boost your business?  <br><br><strong>We are your strategic partner for the manufacturing of high-precision, high-quality metal parts.<\/strong> We specialize in offering <strong>tailor-made comprehensive solutions<\/strong> for a wide range of industrial sectors. If you are looking for a <strong>metal parts factory<\/strong> reliable and experienced, you've come to the right place.<br><br><strong>Si necesitas una f\u00e1brica de productos met\u00e1licos OEM, que te ofrezca calidad, precisi\u00f3n y soluciones a medida, \u00a1cont\u00e1ctanos!<\/strong> We are ready to be your trusted supplier.<\/p><\/div><\/div>\n\n\n\n<div class=\"wp-block-uagb-image uagb-block-964a3df0 wp-block-uagb-image--layout-default wp-block-uagb-image--effect-static wp-block-uagb-image--align-none\"><figure class=\"wp-block-uagb-image__figure\"><img decoding=\"async\" srcset=\"https:\/\/moyasteel.com\/wp-content\/uploads\/2025\/05\/Plegado-Servicios-Recortada.png ,https:\/\/moyasteel.com\/wp-content\/uploads\/2025\/05\/Plegado-Servicios-Recortada.png 780w, https:\/\/moyasteel.com\/wp-content\/uploads\/2025\/05\/Plegado-Servicios-Recortada.png 360w\" sizes=\"auto, (max-width: 480px) 150px\" src=\"https:\/\/moyasteel.com\/wp-content\/uploads\/2025\/05\/Plegado-Servicios-Recortada.png\" alt=\"\" class=\"uag-image-1444\" width=\"284\" height=\"475\" title=\"Plegado Servicios Recortada\" loading=\"lazy\" role=\"img\"\/><\/figure><\/div>\n\n\n\n<div class=\"wp-block-uagb-image uagb-block-a8629531 wp-block-uagb-image--layout-default wp-block-uagb-image--effect-static wp-block-uagb-image--align-none\"><figure class=\"wp-block-uagb-image__figure\"><img decoding=\"async\" srcset=\"https:\/\/moyasteel.com\/wp-content\/uploads\/2025\/05\/Corte-laser-Servicios-Recortada.png ,https:\/\/moyasteel.com\/wp-content\/uploads\/2025\/05\/Corte-laser-Servicios-Recortada.png 780w, https:\/\/moyasteel.com\/wp-content\/uploads\/2025\/05\/Corte-laser-Servicios-Recortada.png 360w\" sizes=\"auto, (max-width: 480px) 150px\" src=\"https:\/\/moyasteel.com\/wp-content\/uploads\/2025\/05\/Corte-laser-Servicios-Recortada.png\" alt=\"\" class=\"uag-image-1443\" width=\"284\" height=\"475\" title=\"Corte laser Servicios Recortada\" loading=\"lazy\" role=\"img\"\/><\/figure><\/div>\n<\/div><\/div>\n\n\n\n<div class=\"wp-block-uagb-container uagb-block-485602c2 alignfull uagb-is-root-container\"><div class=\"uagb-container-inner-blocks-wrap\">\n<div class=\"wp-block-uagb-info-box uagb-block-27605b80 uagb-infobox__content-wrap  uagb-infobox-icon-above-title uagb-infobox-image-valign-top\"><div class=\"uagb-ifb-content\"><div class=\"uagb-ifb-title-wrap\"><h5 class=\"uagb-ifb-title-prefix\">What we offer<\/h5><h2 class=\"uagb-ifb-title\">Industry-Focused Services<\/h2><\/div><\/div><\/div>\n<\/div><\/div>\n\n\n\n<div class=\"wp-block-uagb-container uagb-layout-grid uagb-block-a754b6db alignfull uagb-is-root-container\"><div class=\"uagb-container-inner-blocks-wrap\">\n<div class=\"wp-block-uagb-info-box uagb-block-7e6477fa uagb-infobox__content-wrap  uagb-infobox-icon-above-title uagb-infobox-image-valign-top\"><div class=\"uagb-ifb-content\"><div class=\"uagb-ifb-title-wrap\"><div class=\"uagb-ifb-separator\"><\/div><h4 class=\"uagb-ifb-title\">Laser Cutting<\/h4><\/div><p class=\"uagb-ifb-desc\">Sheet metal and tube cutting with a cutting tolerance of 0.05 mm and thicknesses ranging from 0.5 mm to 15 mm in a format of 3000 x 1500 mm for sheet metal and 6000 mm for tube.<\/p><\/div><\/div>\n\n\n\n<div class=\"wp-block-uagb-info-box uagb-block-8f76c366 uagb-infobox__content-wrap  uagb-infobox-icon-above-title uagb-infobox-image-valign-top\"><div class=\"uagb-ifb-content\"><div class=\"uagb-ifb-title-wrap\"><div class=\"uagb-ifb-separator\"><\/div><h4 class=\"uagb-ifb-title\">Sheet Metal Bending<\/h4><\/div><p class=\"uagb-ifb-desc\">Sheet metal bending with a bending tolerance of 0.5 mm and thicknesses ranging from 0.3 mm to 10 mm in a maximum unfolded piece format of 3000 x 1500 mm.<\/p><\/div><\/div>\n\n\n\n<div class=\"wp-block-uagb-info-box uagb-block-165c4ed6 uagb-infobox__content-wrap  uagb-infobox-icon-above-title uagb-infobox-image-valign-top wp-block-uagb-info-box--has-margin\"><div class=\"uagb-infobox-margin-wrapper\"><div class=\"uagb-ifb-content\"><div class=\"uagb-ifb-title-wrap\"><div class=\"uagb-ifb-separator\"><\/div><h4 class=\"uagb-ifb-title\">Welding<\/h4><\/div><p class=\"uagb-ifb-desc\">MIG, TIG, Electrode, Oxyacetylene, Resistance Spot, and Laser welding. Assembly of semi-finished parts and final product.<\/p><\/div><\/div><\/div>\n\n\n\n<div class=\"wp-block-uagb-info-box uagb-block-95ee04dd uagb-infobox__content-wrap  uagb-infobox-icon-above-title uagb-infobox-image-valign-top\"><div class=\"uagb-ifb-content\"><div class=\"uagb-ifb-title-wrap\"><div class=\"uagb-ifb-separator\"><\/div><h4 class=\"uagb-ifb-title\">Surface Finishes<\/h4><\/div><p class=\"uagb-ifb-desc\">We offer part finishes in liquid paint, powder coating, zinc plating, galvanizing, chrome plating, anodizing, and alternative materials.<\/p><\/div><\/div>\n<\/div><\/div>\n\n\n\n<div class=\"wp-block-uagb-container uagb-layout-flex uagb-block-af5df69f alignfull uagb-is-root-container\"><div class=\"uagb-container-inner-blocks-wrap\">\n<div class=\"wp-block-uagb-call-to-action uagb-block-d83192c0 wp-block-button\"><div class=\"uagb-cta__wrap\"><h3 class=\"uagb-cta__title\">Do you need industrial solutions? We're experts!<\/h3><p class=\"uagb-cta__desc\">Click here to change this text. Lorem ipsum dolor sit amet, consectetur adipiscing elit. Ut elit tellus, luctus nec ullamcorper mattis, pulvinar dapibus leo.<\/p><\/div><div class=\"uagb-cta__buttons\"><a href=\"https:\/\/moyasteel.com\/contact\/\" class=\"uagb-cta__button-link-wrapper wp-block-button__link\" target=\"_self\" rel=\"noopener noreferrer\">CONTACT US<\/a><\/div><\/div>\n<\/div><\/div>\n\n\n\n<div class=\"wp-block-uagb-advanced-heading uagb-block-2743a7a1\"><\/div>\n\n\n\n<p><\/p>","protected":false},"excerpt":{"rendered":"<p>Service<\/p>","protected":false},"author":1,"featured_media":0,"parent":0,"menu_order":0,"comment_status":"closed","ping_status":"closed","template":"","meta":{"content-type":"","om_disable_all_campaigns":false,"_uag_custom_page_level_css":"","_monsterinsights_skip_tracking":false,"_monsterinsights_sitenote_active":false,"_monsterinsights_sitenote_note":"","_monsterinsights_sitenote_category":0,"_uf_show_specific_survey":0,"_uf_disable_surveys":false,"site-sidebar-layout":"no-sidebar","site-content-layout":"plain-container","ast-site-content-layout":"normal-width-container","site-content-style":"unboxed","site-sidebar-style":"unboxed","ast-global-header-display":"","ast-banner-title-visibility":"","ast-main-header-display":"","ast-hfb-above-header-display":"","ast-hfb-below-header-display":"","ast-hfb-mobile-header-display":"","site-post-title":"disabled","ast-breadcrumbs-content":"","ast-featured-img":"disabled","footer-sml-layout":"","theme-transparent-header-meta":"enabled","adv-header-id-meta":"","stick-header-meta":"","header-above-stick-meta":"","header-main-stick-meta":"","header-below-stick-meta":"","astra-migrate-meta-layouts":"set","ast-page-background-enabled":"default","ast-page-background-meta":{"desktop":{"background-color":"","background-image":"","background-repeat":"repeat","background-position":"center center","background-size":"auto","background-attachment":"scroll","background-type":"","background-media":"","overlay-type":"","overlay-color":"","overlay-opacity":"","overlay-gradient":""},"tablet":{"background-color":"","background-image":"","background-repeat":"repeat","background-position":"center center","background-size":"auto","background-attachment":"scroll","background-type":"","background-media":"","overlay-type":"","overlay-color":"","overlay-opacity":"","overlay-gradient":""},"mobile":{"background-color":"","background-image":"","background-repeat":"repeat","background-position":"center center","background-size":"auto","background-attachment":"scroll","background-type":"","background-media":"","overlay-type":"","overlay-color":"","overlay-opacity":"","overlay-gradient":""}},"ast-content-background-meta":{"desktop":{"background-color":"var(--ast-global-color-5)","background-image":"","background-repeat":"repeat","background-position":"center center","background-size":"auto","background-attachment":"scroll","background-type":"","background-media":"","overlay-type":"","overlay-color":"","overlay-opacity":"","overlay-gradient":""},"tablet":{"background-color":"var(--ast-global-color-5)","background-image":"","background-repeat":"repeat","background-position":"center center","background-size":"auto","background-attachment":"scroll","background-type":"","background-media":"","overlay-type":"","overlay-color":"","overlay-opacity":"","overlay-gradient":""},"mobile":{"background-color":"var(--ast-global-color-5)","background-image":"","background-repeat":"repeat","background-position":"center center","background-size":"auto","background-attachment":"scroll","background-type":"","background-media":"","overlay-type":"","overlay-color":"","overlay-opacity":"","overlay-gradient":""}},"footnotes":""},"class_list":["post-10","page","type-page","status-publish","hentry"],"aioseo_notices":[],"uagb_featured_image_src":{"full":false,"thumbnail":false,"medium":false,"medium_large":false,"large":false,"1536x1536":false,"2048x2048":false,"trp-custom-language-flag":false},"uagb_author_info":{"display_name":"jesusjimenezmoya@gmail.com","author_link":"https:\/\/moyasteel.com\/en\/author\/jesusjimenezmoyagmail-com\/"},"uagb_comment_info":0,"uagb_excerpt":"Servicios","_links":{"self":[{"href":"https:\/\/moyasteel.com\/en\/wp-json\/wp\/v2\/pages\/10","targetHints":{"allow":["GET"]}}],"collection":[{"href":"https:\/\/moyasteel.com\/en\/wp-json\/wp\/v2\/pages"}],"about":[{"href":"https:\/\/moyasteel.com\/en\/wp-json\/wp\/v2\/types\/page"}],"author":[{"embeddable":true,"href":"https:\/\/moyasteel.com\/en\/wp-json\/wp\/v2\/users\/1"}],"replies":[{"embeddable":true,"href":"https:\/\/moyasteel.com\/en\/wp-json\/wp\/v2\/comments?post=10"}],"version-history":[{"count":16,"href":"https:\/\/moyasteel.com\/en\/wp-json\/wp\/v2\/pages\/10\/revisions"}],"predecessor-version":[{"id":1470,"href":"https:\/\/moyasteel.com\/en\/wp-json\/wp\/v2\/pages\/10\/revisions\/1470"}],"wp:attachment":[{"href":"https:\/\/moyasteel.com\/en\/wp-json\/wp\/v2\/media?parent=10"}],"curies":[{"name":"wp","href":"https:\/\/api.w.org\/{rel}","templated":true}]}}